{"id":998,"date":"2021-12-23T08:59:20","date_gmt":"2021-12-23T07:59:20","guid":{"rendered":"https:\/\/easy2explain.com\/imprint\/"},"modified":"2025-04-10T14:00:53","modified_gmt":"2025-04-10T12:00:53","slug":"imprint","status":"publish","type":"page","link":"https:\/\/easy2explain.com\/sv\/imprint\/","title":{"rendered":"Tryck"},"content":{"rendered":"<div id=\"easy2-2816831193\" class=\"easy2-header easy2-entity-placement\" style=\"margin-top: 25px;margin-bottom: 25px;\"><script async src=\"\/\/pagead2.googlesyndication.com\/pagead\/js\/adsbygoogle.js?client=ca-pub-8960936133935804\" crossorigin=\"anonymous\"><\/script><ins class=\"adsbygoogle\" style=\"display:block;\" data-ad-client=\"ca-pub-8960936133935804\" \ndata-ad-slot=\"4951442144\" \ndata-ad-format=\"auto\"><\/ins>\n<script> \n(adsbygoogle = window.adsbygoogle || []).push({}); \n<\/script>\n<\/div>\n<p><strong>Tryck<\/strong><\/p>\n\n\n\n<p>Information i enlighet med \u00a7 5 TMG:<\/p><div id=\"easy2-3305273275\" class=\"easy2-content_2 easy2-entity-placement\" style=\"margin-top: 25px;margin-bottom: 40px;\"><script async src=\"\/\/pagead2.googlesyndication.com\/pagead\/js\/adsbygoogle.js?client=ca-pub-8960936133935804\" crossorigin=\"anonymous\"><\/script><ins class=\"adsbygoogle\" style=\"display:block;\" data-ad-client=\"ca-pub-8960936133935804\" \ndata-ad-slot=\"3093271857\" \ndata-ad-format=\"auto\"><\/ins>\n<script> \n(adsbygoogle = window.adsbygoogle || []).push({}); \n<\/script>\n<\/div>\n\n\n\n<p>ADULT UNIVERSE LTD.<br>Rua 31 de Janeiro, N. 12 e &#8211; 6 Andar,<br>Porta X 9050-011 Funchal<\/p>\n\n\n\n<p><strong>Kontakt:<\/strong><\/p>\n\n\n\n<p>E-post: hello@easy2explain.com<br>Telefon: +49 157 3815 8888<\/p>\n\n\n\n<p>EU-kommissionens plattform f\u00f6r tvistl\u00f6sning online: https:\/\/ec.europa.eu\/consumers\/odr\/<\/p>\n\n\n\n<p>Vi \u00e4r varken skyldiga eller villiga att delta i ett tvistl\u00f6sningsf\u00f6rfarande inf\u00f6r en konsumentskiljedomstol.<\/p>\n","protected":false},"excerpt":{"rendered":"<p>Tryck Information i enlighet med \u00a7 5 TMG: ADULT UNIVERSE LTD.Rua 31 de Janeiro, N. 12 e &#8211; 6 Andar,Porta X 9050-011 Funchal Kontakt: E-post: &#8230; <\/p>\n<p class=\"read-more-container\"><a title=\"Tryck\" class=\"read-more button\" href=\"https:\/\/easy2explain.com\/sv\/imprint\/#more-998\" aria-label=\"Mer p\u00e5 Tryck\">L\u00e4s mer<\/a><\/p>\n","protected":false},"author":1,"featured_media":0,"parent":0,"menu_order":0,"comment_status":"closed","ping_status":"closed","template":"","meta":{"footnotes":""},"class_list":["post-998","page","type-page","status-publish"],"yoast_head":"<!-- This site is optimized with the Yoast SEO plugin v27.4 - https:\/\/yoast.com\/product\/yoast-seo-wordpress\/ -->\n<title>Tryck - easy2explain.com<\/title>\n<meta name=\"robots\" content=\"noindex, nofollow\" \/>\n<meta property=\"og:locale\" content=\"sv_SE\" \/>\n<meta property=\"og:type\" content=\"article\" \/>\n<meta property=\"og:title\" content=\"Tryck - easy2explain.com\" \/>\n<meta property=\"og:description\" content=\"Tryck Information i enlighet med \u00a7 5 TMG: ADULT UNIVERSE LTD.Rua 31 de Janeiro, N. 12 e &#8211; 6 Andar,Porta X 9050-011 Funchal Kontakt: E-post: ... L\u00e4s mer\" \/>\n<meta property=\"og:url\" content=\"https:\/\/easy2explain.com\/sv\/imprint\/\" \/>\n<meta property=\"og:site_name\" content=\"easy2explain.com\" \/>\n<meta property=\"article:modified_time\" content=\"2025-04-10T12:00:53+00:00\" \/>\n<meta name=\"twitter:card\" content=\"summary_large_image\" \/>\n<meta name=\"twitter:label1\" content=\"Ber\u00e4knad l\u00e4stid\" \/>\n\t<meta name=\"twitter:data1\" content=\"2 minuter\" \/>\n<script type=\"application\/ld+json\" class=\"yoast-schema-graph\">{\"@context\":\"https:\\\/\\\/schema.org\",\"@graph\":[{\"@type\":\"Article\",\"@id\":\"https:\\\/\\\/easy2explain.com\\\/sv\\\/imprint\\\/#article\",\"isPartOf\":{\"@id\":\"https:\\\/\\\/easy2explain.com\\\/sv\\\/imprint\\\/\"},\"author\":{\"name\":\"Easy2Explain Content Team\",\"@id\":\"https:\\\/\\\/easy2explain.com\\\/sv\\\/#\\\/schema\\\/person\\\/711c89e35796d6a99f804723be9f3e6f\"},\"headline\":\"Tryck\",\"datePublished\":\"2021-12-23T07:59:20+00:00\",\"dateModified\":\"2025-04-10T12:00:53+00:00\",\"mainEntityOfPage\":{\"@id\":\"https:\\\/\\\/easy2explain.com\\\/sv\\\/imprint\\\/\"},\"wordCount\":57,\"publisher\":{\"@id\":\"https:\\\/\\\/easy2explain.com\\\/sv\\\/#organization\"},\"inLanguage\":\"sv-SE\"},{\"@type\":\"WebPage\",\"@id\":\"https:\\\/\\\/easy2explain.com\\\/sv\\\/imprint\\\/\",\"url\":\"https:\\\/\\\/easy2explain.com\\\/sv\\\/imprint\\\/\",\"name\":\"Tryck - easy2explain.com\",\"isPartOf\":{\"@id\":\"https:\\\/\\\/easy2explain.com\\\/sv\\\/#website\"},\"datePublished\":\"2021-12-23T07:59:20+00:00\",\"dateModified\":\"2025-04-10T12:00:53+00:00\",\"breadcrumb\":{\"@id\":\"https:\\\/\\\/easy2explain.com\\\/sv\\\/imprint\\\/#breadcrumb\"},\"inLanguage\":\"sv-SE\",\"potentialAction\":[{\"@type\":\"ReadAction\",\"target\":[\"https:\\\/\\\/easy2explain.com\\\/sv\\\/imprint\\\/\"]}]},{\"@type\":\"BreadcrumbList\",\"@id\":\"https:\\\/\\\/easy2explain.com\\\/sv\\\/imprint\\\/#breadcrumb\",\"itemListElement\":[{\"@type\":\"ListItem\",\"position\":1,\"name\":\"Home\",\"item\":\"https:\\\/\\\/easy2explain.com\\\/sv\\\/\"},{\"@type\":\"ListItem\",\"position\":2,\"name\":\"Tryck\"}]},{\"@type\":\"WebSite\",\"@id\":\"https:\\\/\\\/easy2explain.com\\\/sv\\\/#website\",\"url\":\"https:\\\/\\\/easy2explain.com\\\/sv\\\/\",\"name\":\"easy2explain.com\",\"description\":\"We explain everything!\",\"publisher\":{\"@id\":\"https:\\\/\\\/easy2explain.com\\\/sv\\\/#organization\"},\"potentialAction\":[{\"@type\":\"SearchAction\",\"target\":{\"@type\":\"EntryPoint\",\"urlTemplate\":\"https:\\\/\\\/easy2explain.com\\\/sv\\\/?s={search_term_string}\"},\"query-input\":{\"@type\":\"PropertyValueSpecification\",\"valueRequired\":true,\"valueName\":\"search_term_string\"}}],\"inLanguage\":\"sv-SE\"},{\"@type\":\"Organization\",\"@id\":\"https:\\\/\\\/easy2explain.com\\\/sv\\\/#organization\",\"name\":\"Easy2Explain.com\",\"url\":\"https:\\\/\\\/easy2explain.com\\\/sv\\\/\",\"logo\":{\"@type\":\"ImageObject\",\"inLanguage\":\"sv-SE\",\"@id\":\"https:\\\/\\\/easy2explain.com\\\/sv\\\/#\\\/schema\\\/logo\\\/image\\\/\",\"url\":\"https:\\\/\\\/easy2explain.com\\\/wp-content\\\/uploads\\\/2022\\\/01\\\/Logo-01-e1641287752148.png\",\"contentUrl\":\"https:\\\/\\\/easy2explain.com\\\/wp-content\\\/uploads\\\/2022\\\/01\\\/Logo-01-e1641287752148.png\",\"width\":10667,\"height\":3159,\"caption\":\"Easy2Explain.com\"},\"image\":{\"@id\":\"https:\\\/\\\/easy2explain.com\\\/sv\\\/#\\\/schema\\\/logo\\\/image\\\/\"}},{\"@type\":\"Person\",\"@id\":\"https:\\\/\\\/easy2explain.com\\\/sv\\\/#\\\/schema\\\/person\\\/711c89e35796d6a99f804723be9f3e6f\",\"name\":\"Easy2Explain Content Team\",\"image\":{\"@type\":\"ImageObject\",\"inLanguage\":\"sv-SE\",\"@id\":\"https:\\\/\\\/secure.gravatar.com\\\/avatar\\\/9a7915b550e4fa6a468048e86b61f58819933615bbc4be9b9b0fad7d79fc8c40?s=96&d=mm&r=g\",\"url\":\"https:\\\/\\\/secure.gravatar.com\\\/avatar\\\/9a7915b550e4fa6a468048e86b61f58819933615bbc4be9b9b0fad7d79fc8c40?s=96&d=mm&r=g\",\"contentUrl\":\"https:\\\/\\\/secure.gravatar.com\\\/avatar\\\/9a7915b550e4fa6a468048e86b61f58819933615bbc4be9b9b0fad7d79fc8c40?s=96&d=mm&r=g\",\"caption\":\"Easy2Explain Content Team\"},\"sameAs\":[\"https:\\\/\\\/easy2explain.com\"]}]}<\/script>\n<!-- \/ Yoast SEO plugin. -->","yoast_head_json":{"title":"Tryck - easy2explain.com","robots":{"index":"noindex","follow":"nofollow"},"og_locale":"sv_SE","og_type":"article","og_title":"Tryck - easy2explain.com","og_description":"Tryck Information i enlighet med \u00a7 5 TMG: ADULT UNIVERSE LTD.Rua 31 de Janeiro, N. 12 e &#8211; 6 Andar,Porta X 9050-011 Funchal Kontakt: E-post: ... L\u00e4s mer","og_url":"https:\/\/easy2explain.com\/sv\/imprint\/","og_site_name":"easy2explain.com","article_modified_time":"2025-04-10T12:00:53+00:00","twitter_card":"summary_large_image","twitter_misc":{"Ber\u00e4knad l\u00e4stid":"2 minuter"},"schema":{"@context":"https:\/\/schema.org","@graph":[{"@type":"Article","@id":"https:\/\/easy2explain.com\/sv\/imprint\/#article","isPartOf":{"@id":"https:\/\/easy2explain.com\/sv\/imprint\/"},"author":{"name":"Easy2Explain Content Team","@id":"https:\/\/easy2explain.com\/sv\/#\/schema\/person\/711c89e35796d6a99f804723be9f3e6f"},"headline":"Tryck","datePublished":"2021-12-23T07:59:20+00:00","dateModified":"2025-04-10T12:00:53+00:00","mainEntityOfPage":{"@id":"https:\/\/easy2explain.com\/sv\/imprint\/"},"wordCount":57,"publisher":{"@id":"https:\/\/easy2explain.com\/sv\/#organization"},"inLanguage":"sv-SE"},{"@type":"WebPage","@id":"https:\/\/easy2explain.com\/sv\/imprint\/","url":"https:\/\/easy2explain.com\/sv\/imprint\/","name":"Tryck - easy2explain.com","isPartOf":{"@id":"https:\/\/easy2explain.com\/sv\/#website"},"datePublished":"2021-12-23T07:59:20+00:00","dateModified":"2025-04-10T12:00:53+00:00","breadcrumb":{"@id":"https:\/\/easy2explain.com\/sv\/imprint\/#breadcrumb"},"inLanguage":"sv-SE","potentialAction":[{"@type":"ReadAction","target":["https:\/\/easy2explain.com\/sv\/imprint\/"]}]},{"@type":"BreadcrumbList","@id":"https:\/\/easy2explain.com\/sv\/imprint\/#breadcrumb","itemListElement":[{"@type":"ListItem","position":1,"name":"Home","item":"https:\/\/easy2explain.com\/sv\/"},{"@type":"ListItem","position":2,"name":"Tryck"}]},{"@type":"WebSite","@id":"https:\/\/easy2explain.com\/sv\/#website","url":"https:\/\/easy2explain.com\/sv\/","name":"easy2explain.com","description":"We explain everything!","publisher":{"@id":"https:\/\/easy2explain.com\/sv\/#organization"},"potentialAction":[{"@type":"SearchAction","target":{"@type":"EntryPoint","urlTemplate":"https:\/\/easy2explain.com\/sv\/?s={search_term_string}"},"query-input":{"@type":"PropertyValueSpecification","valueRequired":true,"valueName":"search_term_string"}}],"inLanguage":"sv-SE"},{"@type":"Organization","@id":"https:\/\/easy2explain.com\/sv\/#organization","name":"Easy2Explain.com","url":"https:\/\/easy2explain.com\/sv\/","logo":{"@type":"ImageObject","inLanguage":"sv-SE","@id":"https:\/\/easy2explain.com\/sv\/#\/schema\/logo\/image\/","url":"https:\/\/easy2explain.com\/wp-content\/uploads\/2022\/01\/Logo-01-e1641287752148.png","contentUrl":"https:\/\/easy2explain.com\/wp-content\/uploads\/2022\/01\/Logo-01-e1641287752148.png","width":10667,"height":3159,"caption":"Easy2Explain.com"},"image":{"@id":"https:\/\/easy2explain.com\/sv\/#\/schema\/logo\/image\/"}},{"@type":"Person","@id":"https:\/\/easy2explain.com\/sv\/#\/schema\/person\/711c89e35796d6a99f804723be9f3e6f","name":"Easy2Explain Content Team","image":{"@type":"ImageObject","inLanguage":"sv-SE","@id":"https:\/\/secure.gravatar.com\/avatar\/9a7915b550e4fa6a468048e86b61f58819933615bbc4be9b9b0fad7d79fc8c40?s=96&d=mm&r=g","url":"https:\/\/secure.gravatar.com\/avatar\/9a7915b550e4fa6a468048e86b61f58819933615bbc4be9b9b0fad7d79fc8c40?s=96&d=mm&r=g","contentUrl":"https:\/\/secure.gravatar.com\/avatar\/9a7915b550e4fa6a468048e86b61f58819933615bbc4be9b9b0fad7d79fc8c40?s=96&d=mm&r=g","caption":"Easy2Explain Content Team"},"sameAs":["https:\/\/easy2explain.com"]}]}},"_links":{"self":[{"href":"https:\/\/easy2explain.com\/sv\/wp-json\/wp\/v2\/pages\/998","targetHints":{"allow":["GET"]}}],"collection":[{"href":"https:\/\/easy2explain.com\/sv\/wp-json\/wp\/v2\/pages"}],"about":[{"href":"https:\/\/easy2explain.com\/sv\/wp-json\/wp\/v2\/types\/page"}],"author":[{"embeddable":true,"href":"https:\/\/easy2explain.com\/sv\/wp-json\/wp\/v2\/users\/1"}],"replies":[{"embeddable":true,"href":"https:\/\/easy2explain.com\/sv\/wp-json\/wp\/v2\/comments?post=998"}],"version-history":[{"count":9,"href":"https:\/\/easy2explain.com\/sv\/wp-json\/wp\/v2\/pages\/998\/revisions"}],"predecessor-version":[{"id":6272,"href":"https:\/\/easy2explain.com\/sv\/wp-json\/wp\/v2\/pages\/998\/revisions\/6272"}],"wp:attachment":[{"href":"https:\/\/easy2explain.com\/sv\/wp-json\/wp\/v2\/media?parent=998"}],"curies":[{"name":"wp","href":"https:\/\/api.w.org\/{rel}","templated":true}]}}