{"id":995,"date":"2021-12-23T08:59:20","date_gmt":"2021-12-23T07:59:20","guid":{"rendered":"https:\/\/easy2explain.com\/imprint\/"},"modified":"2025-04-10T14:00:16","modified_gmt":"2025-04-10T12:00:16","slug":"impresso","status":"publish","type":"page","link":"https:\/\/easy2explain.com\/pt-br\/impresso\/","title":{"rendered":"Impresso"},"content":{"rendered":"<div id=\"easy2-4084454990\" class=\"easy2-header easy2-entity-placement\" style=\"margin-top: 25px;margin-bottom: 25px;\"><script async src=\"\/\/pagead2.googlesyndication.com\/pagead\/js\/adsbygoogle.js?client=ca-pub-8960936133935804\" crossorigin=\"anonymous\"><\/script><ins class=\"adsbygoogle\" style=\"display:block;\" data-ad-client=\"ca-pub-8960936133935804\" \ndata-ad-slot=\"4951442144\" \ndata-ad-format=\"auto\"><\/ins>\n<script> \n(adsbygoogle = window.adsbygoogle || []).push({}); \n<\/script>\n<\/div>\n<p><strong>Impresso<\/strong><\/p>\n\n\n\n<p>Informa\u00e7\u00f5es de acordo com o \u00a7 5 TMG:<\/p><div id=\"easy2-2948214546\" class=\"easy2-content_2 easy2-entity-placement\" style=\"margin-top: 25px;margin-bottom: 40px;\"><script async src=\"\/\/pagead2.googlesyndication.com\/pagead\/js\/adsbygoogle.js?client=ca-pub-8960936133935804\" crossorigin=\"anonymous\"><\/script><ins class=\"adsbygoogle\" style=\"display:block;\" data-ad-client=\"ca-pub-8960936133935804\" \ndata-ad-slot=\"3093271857\" \ndata-ad-format=\"auto\"><\/ins>\n<script> \n(adsbygoogle = window.adsbygoogle || []).push({}); \n<\/script>\n<\/div>\n\n\n\n<p>ADULT UNIVERSE LTD.<br>Rua 31 de Janeiro, N. 12 e &#8211; 6 Andar,<br>Porta X 9050-011 Funchal<\/p>\n\n\n\n<p><strong>Contato:<\/strong><\/p>\n\n\n\n<p>Email: hello@easy2explain.com<br>Telefone: +49 157 3815 8888<\/p>\n\n\n\n<p>Plataforma da Comiss\u00e3o da UE para resolu\u00e7\u00e3o de disputas on-line: https:\/\/ec.europa.eu\/consumers\/odr\/<\/p>\n\n\n\n<p>N\u00e3o somos obrigados nem estamos dispostos a participar de um procedimento de resolu\u00e7\u00e3o de disputas perante um conselho de arbitragem de consumidores.<\/p>\n","protected":false},"excerpt":{"rendered":"<p>Impresso Informa\u00e7\u00f5es de acordo com o \u00a7 5 TMG: ADULT UNIVERSE LTD.Rua 31 de Janeiro, N. 12 e &#8211; 6 Andar,Porta X 9050-011 Funchal Contato: &#8230; <\/p>\n<p class=\"read-more-container\"><a title=\"Impresso\" class=\"read-more button\" href=\"https:\/\/easy2explain.com\/pt-br\/impresso\/#more-995\" aria-label=\"More on Impresso\">Leia mais<\/a><\/p>\n","protected":false},"author":1,"featured_media":0,"parent":0,"menu_order":0,"comment_status":"closed","ping_status":"closed","template":"","meta":{"footnotes":""},"class_list":["post-995","page","type-page","status-publish"],"yoast_head":"<!-- This site is optimized with the Yoast SEO plugin v27.5 - https:\/\/yoast.com\/product\/yoast-seo-wordpress\/ -->\n<title>Impresso - easy2explain.com<\/title>\n<meta name=\"robots\" content=\"noindex, nofollow\" \/>\n<meta property=\"og:locale\" content=\"pt_BR\" \/>\n<meta property=\"og:type\" content=\"article\" \/>\n<meta property=\"og:title\" content=\"Impresso - easy2explain.com\" \/>\n<meta property=\"og:description\" content=\"Impresso Informa\u00e7\u00f5es de acordo com o \u00a7 5 TMG: ADULT UNIVERSE LTD.Rua 31 de Janeiro, N. 12 e &#8211; 6 Andar,Porta X 9050-011 Funchal Contato: ... Leia mais\" \/>\n<meta property=\"og:url\" content=\"https:\/\/easy2explain.com\/pt-br\/impresso\/\" \/>\n<meta property=\"og:site_name\" content=\"easy2explain.com\" \/>\n<meta property=\"article:modified_time\" content=\"2025-04-10T12:00:16+00:00\" \/>\n<meta name=\"twitter:card\" content=\"summary_large_image\" \/>\n<meta name=\"twitter:label1\" content=\"Est. tempo de leitura\" \/>\n\t<meta name=\"twitter:data1\" content=\"1 minuto\" \/>\n<script type=\"application\/ld+json\" class=\"yoast-schema-graph\">{\"@context\":\"https:\\\/\\\/schema.org\",\"@graph\":[{\"@type\":\"Article\",\"@id\":\"https:\\\/\\\/easy2explain.com\\\/pt-br\\\/impresso\\\/#article\",\"isPartOf\":{\"@id\":\"https:\\\/\\\/easy2explain.com\\\/pt-br\\\/impresso\\\/\"},\"author\":{\"name\":\"Easy2Explain Content Team\",\"@id\":\"https:\\\/\\\/easy2explain.com\\\/pt-br\\\/#\\\/schema\\\/person\\\/711c89e35796d6a99f804723be9f3e6f\"},\"headline\":\"Impresso\",\"datePublished\":\"2021-12-23T07:59:20+00:00\",\"dateModified\":\"2025-04-10T12:00:16+00:00\",\"mainEntityOfPage\":{\"@id\":\"https:\\\/\\\/easy2explain.com\\\/pt-br\\\/impresso\\\/\"},\"wordCount\":71,\"publisher\":{\"@id\":\"https:\\\/\\\/easy2explain.com\\\/pt-br\\\/#organization\"},\"inLanguage\":\"pt-BR\"},{\"@type\":\"WebPage\",\"@id\":\"https:\\\/\\\/easy2explain.com\\\/pt-br\\\/impresso\\\/\",\"url\":\"https:\\\/\\\/easy2explain.com\\\/pt-br\\\/impresso\\\/\",\"name\":\"Impresso - easy2explain.com\",\"isPartOf\":{\"@id\":\"https:\\\/\\\/easy2explain.com\\\/pt-br\\\/#website\"},\"datePublished\":\"2021-12-23T07:59:20+00:00\",\"dateModified\":\"2025-04-10T12:00:16+00:00\",\"breadcrumb\":{\"@id\":\"https:\\\/\\\/easy2explain.com\\\/pt-br\\\/impresso\\\/#breadcrumb\"},\"inLanguage\":\"pt-BR\",\"potentialAction\":[{\"@type\":\"ReadAction\",\"target\":[\"https:\\\/\\\/easy2explain.com\\\/pt-br\\\/impresso\\\/\"]}]},{\"@type\":\"BreadcrumbList\",\"@id\":\"https:\\\/\\\/easy2explain.com\\\/pt-br\\\/impresso\\\/#breadcrumb\",\"itemListElement\":[{\"@type\":\"ListItem\",\"position\":1,\"name\":\"Home\",\"item\":\"https:\\\/\\\/easy2explain.com\\\/pt-br\\\/\"},{\"@type\":\"ListItem\",\"position\":2,\"name\":\"Impresso\"}]},{\"@type\":\"WebSite\",\"@id\":\"https:\\\/\\\/easy2explain.com\\\/pt-br\\\/#website\",\"url\":\"https:\\\/\\\/easy2explain.com\\\/pt-br\\\/\",\"name\":\"easy2explain.com\",\"description\":\"We explain everything!\",\"publisher\":{\"@id\":\"https:\\\/\\\/easy2explain.com\\\/pt-br\\\/#organization\"},\"potentialAction\":[{\"@type\":\"SearchAction\",\"target\":{\"@type\":\"EntryPoint\",\"urlTemplate\":\"https:\\\/\\\/easy2explain.com\\\/pt-br\\\/?s={search_term_string}\"},\"query-input\":{\"@type\":\"PropertyValueSpecification\",\"valueRequired\":true,\"valueName\":\"search_term_string\"}}],\"inLanguage\":\"pt-BR\"},{\"@type\":\"Organization\",\"@id\":\"https:\\\/\\\/easy2explain.com\\\/pt-br\\\/#organization\",\"name\":\"Easy2Explain.com\",\"url\":\"https:\\\/\\\/easy2explain.com\\\/pt-br\\\/\",\"logo\":{\"@type\":\"ImageObject\",\"inLanguage\":\"pt-BR\",\"@id\":\"https:\\\/\\\/easy2explain.com\\\/pt-br\\\/#\\\/schema\\\/logo\\\/image\\\/\",\"url\":\"https:\\\/\\\/easy2explain.com\\\/wp-content\\\/uploads\\\/2022\\\/01\\\/Logo-01-e1641287752148.png\",\"contentUrl\":\"https:\\\/\\\/easy2explain.com\\\/wp-content\\\/uploads\\\/2022\\\/01\\\/Logo-01-e1641287752148.png\",\"width\":10667,\"height\":3159,\"caption\":\"Easy2Explain.com\"},\"image\":{\"@id\":\"https:\\\/\\\/easy2explain.com\\\/pt-br\\\/#\\\/schema\\\/logo\\\/image\\\/\"}},{\"@type\":\"Person\",\"@id\":\"https:\\\/\\\/easy2explain.com\\\/pt-br\\\/#\\\/schema\\\/person\\\/711c89e35796d6a99f804723be9f3e6f\",\"name\":\"Easy2Explain Content Team\",\"image\":{\"@type\":\"ImageObject\",\"inLanguage\":\"pt-BR\",\"@id\":\"https:\\\/\\\/secure.gravatar.com\\\/avatar\\\/9a7915b550e4fa6a468048e86b61f58819933615bbc4be9b9b0fad7d79fc8c40?s=96&d=mm&r=g\",\"url\":\"https:\\\/\\\/secure.gravatar.com\\\/avatar\\\/9a7915b550e4fa6a468048e86b61f58819933615bbc4be9b9b0fad7d79fc8c40?s=96&d=mm&r=g\",\"contentUrl\":\"https:\\\/\\\/secure.gravatar.com\\\/avatar\\\/9a7915b550e4fa6a468048e86b61f58819933615bbc4be9b9b0fad7d79fc8c40?s=96&d=mm&r=g\",\"caption\":\"Easy2Explain Content Team\"},\"sameAs\":[\"https:\\\/\\\/easy2explain.com\"]}]}<\/script>\n<!-- \/ Yoast SEO plugin. -->","yoast_head_json":{"title":"Impresso - easy2explain.com","robots":{"index":"noindex","follow":"nofollow"},"og_locale":"pt_BR","og_type":"article","og_title":"Impresso - easy2explain.com","og_description":"Impresso Informa\u00e7\u00f5es de acordo com o \u00a7 5 TMG: ADULT UNIVERSE LTD.Rua 31 de Janeiro, N. 12 e &#8211; 6 Andar,Porta X 9050-011 Funchal Contato: ... Leia mais","og_url":"https:\/\/easy2explain.com\/pt-br\/impresso\/","og_site_name":"easy2explain.com","article_modified_time":"2025-04-10T12:00:16+00:00","twitter_card":"summary_large_image","twitter_misc":{"Est. tempo de leitura":"1 minuto"},"schema":{"@context":"https:\/\/schema.org","@graph":[{"@type":"Article","@id":"https:\/\/easy2explain.com\/pt-br\/impresso\/#article","isPartOf":{"@id":"https:\/\/easy2explain.com\/pt-br\/impresso\/"},"author":{"name":"Easy2Explain Content Team","@id":"https:\/\/easy2explain.com\/pt-br\/#\/schema\/person\/711c89e35796d6a99f804723be9f3e6f"},"headline":"Impresso","datePublished":"2021-12-23T07:59:20+00:00","dateModified":"2025-04-10T12:00:16+00:00","mainEntityOfPage":{"@id":"https:\/\/easy2explain.com\/pt-br\/impresso\/"},"wordCount":71,"publisher":{"@id":"https:\/\/easy2explain.com\/pt-br\/#organization"},"inLanguage":"pt-BR"},{"@type":"WebPage","@id":"https:\/\/easy2explain.com\/pt-br\/impresso\/","url":"https:\/\/easy2explain.com\/pt-br\/impresso\/","name":"Impresso - easy2explain.com","isPartOf":{"@id":"https:\/\/easy2explain.com\/pt-br\/#website"},"datePublished":"2021-12-23T07:59:20+00:00","dateModified":"2025-04-10T12:00:16+00:00","breadcrumb":{"@id":"https:\/\/easy2explain.com\/pt-br\/impresso\/#breadcrumb"},"inLanguage":"pt-BR","potentialAction":[{"@type":"ReadAction","target":["https:\/\/easy2explain.com\/pt-br\/impresso\/"]}]},{"@type":"BreadcrumbList","@id":"https:\/\/easy2explain.com\/pt-br\/impresso\/#breadcrumb","itemListElement":[{"@type":"ListItem","position":1,"name":"Home","item":"https:\/\/easy2explain.com\/pt-br\/"},{"@type":"ListItem","position":2,"name":"Impresso"}]},{"@type":"WebSite","@id":"https:\/\/easy2explain.com\/pt-br\/#website","url":"https:\/\/easy2explain.com\/pt-br\/","name":"easy2explain.com","description":"We explain everything!","publisher":{"@id":"https:\/\/easy2explain.com\/pt-br\/#organization"},"potentialAction":[{"@type":"SearchAction","target":{"@type":"EntryPoint","urlTemplate":"https:\/\/easy2explain.com\/pt-br\/?s={search_term_string}"},"query-input":{"@type":"PropertyValueSpecification","valueRequired":true,"valueName":"search_term_string"}}],"inLanguage":"pt-BR"},{"@type":"Organization","@id":"https:\/\/easy2explain.com\/pt-br\/#organization","name":"Easy2Explain.com","url":"https:\/\/easy2explain.com\/pt-br\/","logo":{"@type":"ImageObject","inLanguage":"pt-BR","@id":"https:\/\/easy2explain.com\/pt-br\/#\/schema\/logo\/image\/","url":"https:\/\/easy2explain.com\/wp-content\/uploads\/2022\/01\/Logo-01-e1641287752148.png","contentUrl":"https:\/\/easy2explain.com\/wp-content\/uploads\/2022\/01\/Logo-01-e1641287752148.png","width":10667,"height":3159,"caption":"Easy2Explain.com"},"image":{"@id":"https:\/\/easy2explain.com\/pt-br\/#\/schema\/logo\/image\/"}},{"@type":"Person","@id":"https:\/\/easy2explain.com\/pt-br\/#\/schema\/person\/711c89e35796d6a99f804723be9f3e6f","name":"Easy2Explain Content Team","image":{"@type":"ImageObject","inLanguage":"pt-BR","@id":"https:\/\/secure.gravatar.com\/avatar\/9a7915b550e4fa6a468048e86b61f58819933615bbc4be9b9b0fad7d79fc8c40?s=96&d=mm&r=g","url":"https:\/\/secure.gravatar.com\/avatar\/9a7915b550e4fa6a468048e86b61f58819933615bbc4be9b9b0fad7d79fc8c40?s=96&d=mm&r=g","contentUrl":"https:\/\/secure.gravatar.com\/avatar\/9a7915b550e4fa6a468048e86b61f58819933615bbc4be9b9b0fad7d79fc8c40?s=96&d=mm&r=g","caption":"Easy2Explain Content Team"},"sameAs":["https:\/\/easy2explain.com"]}]}},"_links":{"self":[{"href":"https:\/\/easy2explain.com\/pt-br\/wp-json\/wp\/v2\/pages\/995","targetHints":{"allow":["GET"]}}],"collection":[{"href":"https:\/\/easy2explain.com\/pt-br\/wp-json\/wp\/v2\/pages"}],"about":[{"href":"https:\/\/easy2explain.com\/pt-br\/wp-json\/wp\/v2\/types\/page"}],"author":[{"embeddable":true,"href":"https:\/\/easy2explain.com\/pt-br\/wp-json\/wp\/v2\/users\/1"}],"replies":[{"embeddable":true,"href":"https:\/\/easy2explain.com\/pt-br\/wp-json\/wp\/v2\/comments?post=995"}],"version-history":[{"count":10,"href":"https:\/\/easy2explain.com\/pt-br\/wp-json\/wp\/v2\/pages\/995\/revisions"}],"predecessor-version":[{"id":6270,"href":"https:\/\/easy2explain.com\/pt-br\/wp-json\/wp\/v2\/pages\/995\/revisions\/6270"}],"wp:attachment":[{"href":"https:\/\/easy2explain.com\/pt-br\/wp-json\/wp\/v2\/media?parent=995"}],"curies":[{"name":"wp","href":"https:\/\/api.w.org\/{rel}","templated":true}]}}