{"id":991,"date":"2021-12-23T08:59:20","date_gmt":"2021-12-23T07:59:20","guid":{"rendered":"https:\/\/easy2explain.com\/imprint\/"},"modified":"2025-04-10T13:58:56","modified_gmt":"2025-04-10T11:58:56","slug":"imprint","status":"publish","type":"page","link":"https:\/\/easy2explain.com\/fi\/imprint\/","title":{"rendered":"J\u00e4lki"},"content":{"rendered":"<div id=\"easy2-2067902035\" class=\"easy2-header easy2-entity-placement\" style=\"margin-top: 25px;margin-bottom: 25px;\"><script async src=\"\/\/pagead2.googlesyndication.com\/pagead\/js\/adsbygoogle.js?client=ca-pub-8960936133935804\" crossorigin=\"anonymous\"><\/script><ins class=\"adsbygoogle\" style=\"display:block;\" data-ad-client=\"ca-pub-8960936133935804\" \ndata-ad-slot=\"4951442144\" \ndata-ad-format=\"auto\"><\/ins>\n<script> \n(adsbygoogle = window.adsbygoogle || []).push({}); \n<\/script>\n<\/div>\n<p><strong>J\u00e4lki<\/strong><\/p>\n\n\n\n<p>TMG:n 5 \u00a7:n mukaiset tiedot:<\/p><div id=\"easy2-4124268382\" class=\"easy2-content_2 easy2-entity-placement\" style=\"margin-top: 25px;margin-bottom: 40px;\"><script async src=\"\/\/pagead2.googlesyndication.com\/pagead\/js\/adsbygoogle.js?client=ca-pub-8960936133935804\" crossorigin=\"anonymous\"><\/script><ins class=\"adsbygoogle\" style=\"display:block;\" data-ad-client=\"ca-pub-8960936133935804\" \ndata-ad-slot=\"3093271857\" \ndata-ad-format=\"auto\"><\/ins>\n<script> \n(adsbygoogle = window.adsbygoogle || []).push({}); \n<\/script>\n<\/div>\n\n\n\n<p>ADULT UNIVERSE LTD.<br>Rua 31 de Janeiro, N. 12 e &#8211; 6 Andar,<br>Porta X 9050-011 Funchal<\/p>\n\n\n\n<p><strong>Yhteystiedot:<\/strong><\/p>\n\n\n\n<p>S\u00e4hk\u00f6posti: hello@easy2explain.com<br>Puhelin: +49 157 3815 8888<\/p>\n\n\n\n<p>EU:n komission verkkov\u00e4litteisen riidanratkaisun foorumi: https:\/\/ec.europa.eu\/consumers\/odr\/<\/p>\n\n\n\n<p>Emme ole velvollisia emmek\u00e4 halukkaita osallistumaan riidanratkaisumenettelyyn kuluttajasovittelulautakunnassa.<\/p>\n","protected":false},"excerpt":{"rendered":"<p>J\u00e4lki TMG:n 5 \u00a7:n mukaiset tiedot: ADULT UNIVERSE LTD.Rua 31 de Janeiro, N. 12 e &#8211; 6 Andar,Porta X 9050-011 Funchal Yhteystiedot: S\u00e4hk\u00f6posti: hello@easy2explain.comPuhelin: +49 &#8230; <\/p>\n<p class=\"read-more-container\"><a title=\"J\u00e4lki\" class=\"read-more button\" href=\"https:\/\/easy2explain.com\/fi\/imprint\/#more-991\" aria-label=\"Lis\u00e4\u00e4 J\u00e4lki\">Lue lis\u00e4\u00e4<\/a><\/p>\n","protected":false},"author":1,"featured_media":0,"parent":0,"menu_order":0,"comment_status":"closed","ping_status":"closed","template":"","meta":{"footnotes":""},"class_list":["post-991","page","type-page","status-publish"],"yoast_head":"<!-- This site is optimized with the Yoast SEO plugin v27.3 - https:\/\/yoast.com\/product\/yoast-seo-wordpress\/ -->\n<title>J\u00e4lki - easy2explain.com<\/title>\n<meta name=\"robots\" content=\"noindex, nofollow\" \/>\n<meta property=\"og:locale\" content=\"fi_FI\" \/>\n<meta property=\"og:type\" content=\"article\" \/>\n<meta property=\"og:title\" content=\"J\u00e4lki - easy2explain.com\" \/>\n<meta property=\"og:description\" content=\"J\u00e4lki TMG:n 5 \u00a7:n mukaiset tiedot: ADULT UNIVERSE LTD.Rua 31 de Janeiro, N. 12 e &#8211; 6 Andar,Porta X 9050-011 Funchal Yhteystiedot: S\u00e4hk\u00f6posti: hello@easy2explain.comPuhelin: +49 ... Lue lis\u00e4\u00e4\" \/>\n<meta property=\"og:url\" content=\"https:\/\/easy2explain.com\/fi\/imprint\/\" \/>\n<meta property=\"og:site_name\" content=\"easy2explain.com\" \/>\n<meta property=\"article:modified_time\" content=\"2025-04-10T11:58:56+00:00\" \/>\n<meta name=\"twitter:card\" content=\"summary_large_image\" \/>\n<meta name=\"twitter:label1\" content=\"Arvioitu lukuaika\" \/>\n\t<meta name=\"twitter:data1\" content=\"1 minuutti\" \/>\n<script type=\"application\/ld+json\" class=\"yoast-schema-graph\">{\"@context\":\"https:\\\/\\\/schema.org\",\"@graph\":[{\"@type\":\"Article\",\"@id\":\"https:\\\/\\\/easy2explain.com\\\/fi\\\/imprint\\\/#article\",\"isPartOf\":{\"@id\":\"https:\\\/\\\/easy2explain.com\\\/fi\\\/imprint\\\/\"},\"author\":{\"name\":\"Easy2Explain Content Team\",\"@id\":\"https:\\\/\\\/easy2explain.com\\\/fi\\\/#\\\/schema\\\/person\\\/711c89e35796d6a99f804723be9f3e6f\"},\"headline\":\"J\u00e4lki\",\"datePublished\":\"2021-12-23T07:59:20+00:00\",\"dateModified\":\"2025-04-10T11:58:56+00:00\",\"mainEntityOfPage\":{\"@id\":\"https:\\\/\\\/easy2explain.com\\\/fi\\\/imprint\\\/\"},\"wordCount\":52,\"publisher\":{\"@id\":\"https:\\\/\\\/easy2explain.com\\\/fi\\\/#organization\"},\"inLanguage\":\"fi\"},{\"@type\":\"WebPage\",\"@id\":\"https:\\\/\\\/easy2explain.com\\\/fi\\\/imprint\\\/\",\"url\":\"https:\\\/\\\/easy2explain.com\\\/fi\\\/imprint\\\/\",\"name\":\"J\u00e4lki - easy2explain.com\",\"isPartOf\":{\"@id\":\"https:\\\/\\\/easy2explain.com\\\/fi\\\/#website\"},\"datePublished\":\"2021-12-23T07:59:20+00:00\",\"dateModified\":\"2025-04-10T11:58:56+00:00\",\"breadcrumb\":{\"@id\":\"https:\\\/\\\/easy2explain.com\\\/fi\\\/imprint\\\/#breadcrumb\"},\"inLanguage\":\"fi\",\"potentialAction\":[{\"@type\":\"ReadAction\",\"target\":[\"https:\\\/\\\/easy2explain.com\\\/fi\\\/imprint\\\/\"]}]},{\"@type\":\"BreadcrumbList\",\"@id\":\"https:\\\/\\\/easy2explain.com\\\/fi\\\/imprint\\\/#breadcrumb\",\"itemListElement\":[{\"@type\":\"ListItem\",\"position\":1,\"name\":\"Home\",\"item\":\"https:\\\/\\\/easy2explain.com\\\/fi\\\/\"},{\"@type\":\"ListItem\",\"position\":2,\"name\":\"J\u00e4lki\"}]},{\"@type\":\"WebSite\",\"@id\":\"https:\\\/\\\/easy2explain.com\\\/fi\\\/#website\",\"url\":\"https:\\\/\\\/easy2explain.com\\\/fi\\\/\",\"name\":\"easy2explain.com\",\"description\":\"We explain everything!\",\"publisher\":{\"@id\":\"https:\\\/\\\/easy2explain.com\\\/fi\\\/#organization\"},\"potentialAction\":[{\"@type\":\"SearchAction\",\"target\":{\"@type\":\"EntryPoint\",\"urlTemplate\":\"https:\\\/\\\/easy2explain.com\\\/fi\\\/?s={search_term_string}\"},\"query-input\":{\"@type\":\"PropertyValueSpecification\",\"valueRequired\":true,\"valueName\":\"search_term_string\"}}],\"inLanguage\":\"fi\"},{\"@type\":\"Organization\",\"@id\":\"https:\\\/\\\/easy2explain.com\\\/fi\\\/#organization\",\"name\":\"Easy2Explain.com\",\"url\":\"https:\\\/\\\/easy2explain.com\\\/fi\\\/\",\"logo\":{\"@type\":\"ImageObject\",\"inLanguage\":\"fi\",\"@id\":\"https:\\\/\\\/easy2explain.com\\\/fi\\\/#\\\/schema\\\/logo\\\/image\\\/\",\"url\":\"https:\\\/\\\/easy2explain.com\\\/wp-content\\\/uploads\\\/2022\\\/01\\\/Logo-01-e1641287752148.png\",\"contentUrl\":\"https:\\\/\\\/easy2explain.com\\\/wp-content\\\/uploads\\\/2022\\\/01\\\/Logo-01-e1641287752148.png\",\"width\":10667,\"height\":3159,\"caption\":\"Easy2Explain.com\"},\"image\":{\"@id\":\"https:\\\/\\\/easy2explain.com\\\/fi\\\/#\\\/schema\\\/logo\\\/image\\\/\"}},{\"@type\":\"Person\",\"@id\":\"https:\\\/\\\/easy2explain.com\\\/fi\\\/#\\\/schema\\\/person\\\/711c89e35796d6a99f804723be9f3e6f\",\"name\":\"Easy2Explain Content Team\",\"image\":{\"@type\":\"ImageObject\",\"inLanguage\":\"fi\",\"@id\":\"https:\\\/\\\/secure.gravatar.com\\\/avatar\\\/9a7915b550e4fa6a468048e86b61f58819933615bbc4be9b9b0fad7d79fc8c40?s=96&d=mm&r=g\",\"url\":\"https:\\\/\\\/secure.gravatar.com\\\/avatar\\\/9a7915b550e4fa6a468048e86b61f58819933615bbc4be9b9b0fad7d79fc8c40?s=96&d=mm&r=g\",\"contentUrl\":\"https:\\\/\\\/secure.gravatar.com\\\/avatar\\\/9a7915b550e4fa6a468048e86b61f58819933615bbc4be9b9b0fad7d79fc8c40?s=96&d=mm&r=g\",\"caption\":\"Easy2Explain Content Team\"},\"sameAs\":[\"https:\\\/\\\/easy2explain.com\"]}]}<\/script>\n<!-- \/ Yoast SEO plugin. -->","yoast_head_json":{"title":"J\u00e4lki - easy2explain.com","robots":{"index":"noindex","follow":"nofollow"},"og_locale":"fi_FI","og_type":"article","og_title":"J\u00e4lki - easy2explain.com","og_description":"J\u00e4lki TMG:n 5 \u00a7:n mukaiset tiedot: ADULT UNIVERSE LTD.Rua 31 de Janeiro, N. 12 e &#8211; 6 Andar,Porta X 9050-011 Funchal Yhteystiedot: S\u00e4hk\u00f6posti: hello@easy2explain.comPuhelin: +49 ... Lue lis\u00e4\u00e4","og_url":"https:\/\/easy2explain.com\/fi\/imprint\/","og_site_name":"easy2explain.com","article_modified_time":"2025-04-10T11:58:56+00:00","twitter_card":"summary_large_image","twitter_misc":{"Arvioitu lukuaika":"1 minuutti"},"schema":{"@context":"https:\/\/schema.org","@graph":[{"@type":"Article","@id":"https:\/\/easy2explain.com\/fi\/imprint\/#article","isPartOf":{"@id":"https:\/\/easy2explain.com\/fi\/imprint\/"},"author":{"name":"Easy2Explain Content Team","@id":"https:\/\/easy2explain.com\/fi\/#\/schema\/person\/711c89e35796d6a99f804723be9f3e6f"},"headline":"J\u00e4lki","datePublished":"2021-12-23T07:59:20+00:00","dateModified":"2025-04-10T11:58:56+00:00","mainEntityOfPage":{"@id":"https:\/\/easy2explain.com\/fi\/imprint\/"},"wordCount":52,"publisher":{"@id":"https:\/\/easy2explain.com\/fi\/#organization"},"inLanguage":"fi"},{"@type":"WebPage","@id":"https:\/\/easy2explain.com\/fi\/imprint\/","url":"https:\/\/easy2explain.com\/fi\/imprint\/","name":"J\u00e4lki - easy2explain.com","isPartOf":{"@id":"https:\/\/easy2explain.com\/fi\/#website"},"datePublished":"2021-12-23T07:59:20+00:00","dateModified":"2025-04-10T11:58:56+00:00","breadcrumb":{"@id":"https:\/\/easy2explain.com\/fi\/imprint\/#breadcrumb"},"inLanguage":"fi","potentialAction":[{"@type":"ReadAction","target":["https:\/\/easy2explain.com\/fi\/imprint\/"]}]},{"@type":"BreadcrumbList","@id":"https:\/\/easy2explain.com\/fi\/imprint\/#breadcrumb","itemListElement":[{"@type":"ListItem","position":1,"name":"Home","item":"https:\/\/easy2explain.com\/fi\/"},{"@type":"ListItem","position":2,"name":"J\u00e4lki"}]},{"@type":"WebSite","@id":"https:\/\/easy2explain.com\/fi\/#website","url":"https:\/\/easy2explain.com\/fi\/","name":"easy2explain.com","description":"We explain everything!","publisher":{"@id":"https:\/\/easy2explain.com\/fi\/#organization"},"potentialAction":[{"@type":"SearchAction","target":{"@type":"EntryPoint","urlTemplate":"https:\/\/easy2explain.com\/fi\/?s={search_term_string}"},"query-input":{"@type":"PropertyValueSpecification","valueRequired":true,"valueName":"search_term_string"}}],"inLanguage":"fi"},{"@type":"Organization","@id":"https:\/\/easy2explain.com\/fi\/#organization","name":"Easy2Explain.com","url":"https:\/\/easy2explain.com\/fi\/","logo":{"@type":"ImageObject","inLanguage":"fi","@id":"https:\/\/easy2explain.com\/fi\/#\/schema\/logo\/image\/","url":"https:\/\/easy2explain.com\/wp-content\/uploads\/2022\/01\/Logo-01-e1641287752148.png","contentUrl":"https:\/\/easy2explain.com\/wp-content\/uploads\/2022\/01\/Logo-01-e1641287752148.png","width":10667,"height":3159,"caption":"Easy2Explain.com"},"image":{"@id":"https:\/\/easy2explain.com\/fi\/#\/schema\/logo\/image\/"}},{"@type":"Person","@id":"https:\/\/easy2explain.com\/fi\/#\/schema\/person\/711c89e35796d6a99f804723be9f3e6f","name":"Easy2Explain Content Team","image":{"@type":"ImageObject","inLanguage":"fi","@id":"https:\/\/secure.gravatar.com\/avatar\/9a7915b550e4fa6a468048e86b61f58819933615bbc4be9b9b0fad7d79fc8c40?s=96&d=mm&r=g","url":"https:\/\/secure.gravatar.com\/avatar\/9a7915b550e4fa6a468048e86b61f58819933615bbc4be9b9b0fad7d79fc8c40?s=96&d=mm&r=g","contentUrl":"https:\/\/secure.gravatar.com\/avatar\/9a7915b550e4fa6a468048e86b61f58819933615bbc4be9b9b0fad7d79fc8c40?s=96&d=mm&r=g","caption":"Easy2Explain Content Team"},"sameAs":["https:\/\/easy2explain.com"]}]}},"_links":{"self":[{"href":"https:\/\/easy2explain.com\/fi\/wp-json\/wp\/v2\/pages\/991","targetHints":{"allow":["GET"]}}],"collection":[{"href":"https:\/\/easy2explain.com\/fi\/wp-json\/wp\/v2\/pages"}],"about":[{"href":"https:\/\/easy2explain.com\/fi\/wp-json\/wp\/v2\/types\/page"}],"author":[{"embeddable":true,"href":"https:\/\/easy2explain.com\/fi\/wp-json\/wp\/v2\/users\/1"}],"replies":[{"embeddable":true,"href":"https:\/\/easy2explain.com\/fi\/wp-json\/wp\/v2\/comments?post=991"}],"version-history":[{"count":10,"href":"https:\/\/easy2explain.com\/fi\/wp-json\/wp\/v2\/pages\/991\/revisions"}],"predecessor-version":[{"id":6265,"href":"https:\/\/easy2explain.com\/fi\/wp-json\/wp\/v2\/pages\/991\/revisions\/6265"}],"wp:attachment":[{"href":"https:\/\/easy2explain.com\/fi\/wp-json\/wp\/v2\/media?parent=991"}],"curies":[{"name":"wp","href":"https:\/\/api.w.org\/{rel}","templated":true}]}}