{"id":997,"date":"2021-12-23T08:59:20","date_gmt":"2021-12-23T07:59:20","guid":{"rendered":"https:\/\/easy2explain.com\/imprint\/"},"modified":"2025-04-10T14:00:33","modified_gmt":"2025-04-10T12:00:33","slug":"imprint","status":"publish","type":"page","link":"https:\/\/easy2explain.com\/es\/imprint\/","title":{"rendered":"Impresi\u00f3n"},"content":{"rendered":"<div id=\"easy2-3259331052\" class=\"easy2-header easy2-entity-placement\" style=\"margin-top: 25px;margin-bottom: 25px;\"><script async src=\"\/\/pagead2.googlesyndication.com\/pagead\/js\/adsbygoogle.js?client=ca-pub-8960936133935804\" crossorigin=\"anonymous\"><\/script><ins class=\"adsbygoogle\" style=\"display:block;\" data-ad-client=\"ca-pub-8960936133935804\" \ndata-ad-slot=\"4951442144\" \ndata-ad-format=\"auto\"><\/ins>\n<script> \n(adsbygoogle = window.adsbygoogle || []).push({}); \n<\/script>\n<\/div>\n<p><strong>Impresi\u00f3n<\/strong><\/p>\n\n\n\n<p>Informaci\u00f3n seg\u00fan \u00a7 5 TMG:<\/p><div id=\"easy2-3717320471\" class=\"easy2-content_2 easy2-entity-placement\" style=\"margin-top: 25px;margin-bottom: 40px;\"><script async src=\"\/\/pagead2.googlesyndication.com\/pagead\/js\/adsbygoogle.js?client=ca-pub-8960936133935804\" crossorigin=\"anonymous\"><\/script><ins class=\"adsbygoogle\" style=\"display:block;\" data-ad-client=\"ca-pub-8960936133935804\" \ndata-ad-slot=\"3093271857\" \ndata-ad-format=\"auto\"><\/ins>\n<script> \n(adsbygoogle = window.adsbygoogle || []).push({}); \n<\/script>\n<\/div>\n\n\n\n<p>ADULT UNIVERSE LTD.<br>Rua 31 de Janeiro, N. 12 e \u2013 6 Andar,<br>Porta X 9050-011 Funchal<\/p>\n\n\n\n<p><strong>Contacto:<\/strong><\/p>\n\n\n\n<p>Correo electr\u00f3nico: hello@easy2explain.com<br>Tel\u00e9fono: +49 157 3815 8888<\/p>\n\n\n\n<p>Plataforma de la Comisi\u00f3n de la UE para la resoluci\u00f3n de litigios en l\u00ednea: https:\/\/ec.europa.eu\/consumers\/odr\/<\/p>\n\n\n\n<p>No estamos obligados ni dispuestos a participar en un procedimiento de resoluci\u00f3n de litigios ante una junta arbitral de consumo.<\/p>\n","protected":false},"excerpt":{"rendered":"<p>Impresi\u00f3n Informaci\u00f3n seg\u00fan \u00a7 5 TMG: ADULT UNIVERSE LTD.Rua 31 de Janeiro, N. 12 e \u2013 6 Andar,Porta X 9050-011 Funchal Contacto: Correo electr\u00f3nico: hello@easy2explain.comTel\u00e9fono: &#8230; <\/p>\n<p class=\"read-more-container\"><a title=\"Impresi\u00f3n\" class=\"read-more button\" href=\"https:\/\/easy2explain.com\/es\/imprint\/#more-997\" aria-label=\"M\u00e1s en Impresi\u00f3n\">Leer m\u00e1s<\/a><\/p>\n","protected":false},"author":1,"featured_media":0,"parent":0,"menu_order":0,"comment_status":"closed","ping_status":"closed","template":"","meta":{"footnotes":""},"class_list":["post-997","page","type-page","status-publish"],"yoast_head":"<!-- This site is optimized with the Yoast SEO plugin v27.4 - https:\/\/yoast.com\/product\/yoast-seo-wordpress\/ -->\n<title>Impresi\u00f3n - easy2explain.com<\/title>\n<meta name=\"robots\" content=\"noindex, nofollow\" \/>\n<meta property=\"og:locale\" content=\"es_ES\" \/>\n<meta property=\"og:type\" content=\"article\" \/>\n<meta property=\"og:title\" content=\"Impresi\u00f3n - easy2explain.com\" \/>\n<meta property=\"og:description\" content=\"Impresi\u00f3n Informaci\u00f3n seg\u00fan \u00a7 5 TMG: ADULT UNIVERSE LTD.Rua 31 de Janeiro, N. 12 e \u2013 6 Andar,Porta X 9050-011 Funchal Contacto: Correo electr\u00f3nico: hello@easy2explain.comTel\u00e9fono: ... Leer m\u00e1s\" \/>\n<meta property=\"og:url\" content=\"https:\/\/easy2explain.com\/es\/imprint\/\" \/>\n<meta property=\"og:site_name\" content=\"easy2explain.com\" \/>\n<meta property=\"article:modified_time\" content=\"2025-04-10T12:00:33+00:00\" \/>\n<meta name=\"twitter:card\" content=\"summary_large_image\" \/>\n<meta name=\"twitter:label1\" content=\"Tiempo de lectura\" \/>\n\t<meta name=\"twitter:data1\" content=\"2 minutos\" \/>\n<script type=\"application\/ld+json\" class=\"yoast-schema-graph\">{\"@context\":\"https:\\\/\\\/schema.org\",\"@graph\":[{\"@type\":\"Article\",\"@id\":\"https:\\\/\\\/easy2explain.com\\\/es\\\/imprint\\\/#article\",\"isPartOf\":{\"@id\":\"https:\\\/\\\/easy2explain.com\\\/es\\\/imprint\\\/\"},\"author\":{\"name\":\"Easy2Explain Content Team\",\"@id\":\"https:\\\/\\\/easy2explain.com\\\/es\\\/#\\\/schema\\\/person\\\/711c89e35796d6a99f804723be9f3e6f\"},\"headline\":\"Impresi\u00f3n\",\"datePublished\":\"2021-12-23T07:59:20+00:00\",\"dateModified\":\"2025-04-10T12:00:33+00:00\",\"mainEntityOfPage\":{\"@id\":\"https:\\\/\\\/easy2explain.com\\\/es\\\/imprint\\\/\"},\"wordCount\":75,\"publisher\":{\"@id\":\"https:\\\/\\\/easy2explain.com\\\/es\\\/#organization\"},\"inLanguage\":\"es\"},{\"@type\":\"WebPage\",\"@id\":\"https:\\\/\\\/easy2explain.com\\\/es\\\/imprint\\\/\",\"url\":\"https:\\\/\\\/easy2explain.com\\\/es\\\/imprint\\\/\",\"name\":\"Impresi\u00f3n - easy2explain.com\",\"isPartOf\":{\"@id\":\"https:\\\/\\\/easy2explain.com\\\/es\\\/#website\"},\"datePublished\":\"2021-12-23T07:59:20+00:00\",\"dateModified\":\"2025-04-10T12:00:33+00:00\",\"breadcrumb\":{\"@id\":\"https:\\\/\\\/easy2explain.com\\\/es\\\/imprint\\\/#breadcrumb\"},\"inLanguage\":\"es\",\"potentialAction\":[{\"@type\":\"ReadAction\",\"target\":[\"https:\\\/\\\/easy2explain.com\\\/es\\\/imprint\\\/\"]}]},{\"@type\":\"BreadcrumbList\",\"@id\":\"https:\\\/\\\/easy2explain.com\\\/es\\\/imprint\\\/#breadcrumb\",\"itemListElement\":[{\"@type\":\"ListItem\",\"position\":1,\"name\":\"Home\",\"item\":\"https:\\\/\\\/easy2explain.com\\\/es\\\/\"},{\"@type\":\"ListItem\",\"position\":2,\"name\":\"Impresi\u00f3n\"}]},{\"@type\":\"WebSite\",\"@id\":\"https:\\\/\\\/easy2explain.com\\\/es\\\/#website\",\"url\":\"https:\\\/\\\/easy2explain.com\\\/es\\\/\",\"name\":\"easy2explain.com\",\"description\":\"We explain everything!\",\"publisher\":{\"@id\":\"https:\\\/\\\/easy2explain.com\\\/es\\\/#organization\"},\"potentialAction\":[{\"@type\":\"SearchAction\",\"target\":{\"@type\":\"EntryPoint\",\"urlTemplate\":\"https:\\\/\\\/easy2explain.com\\\/es\\\/?s={search_term_string}\"},\"query-input\":{\"@type\":\"PropertyValueSpecification\",\"valueRequired\":true,\"valueName\":\"search_term_string\"}}],\"inLanguage\":\"es\"},{\"@type\":\"Organization\",\"@id\":\"https:\\\/\\\/easy2explain.com\\\/es\\\/#organization\",\"name\":\"Easy2Explain.com\",\"url\":\"https:\\\/\\\/easy2explain.com\\\/es\\\/\",\"logo\":{\"@type\":\"ImageObject\",\"inLanguage\":\"es\",\"@id\":\"https:\\\/\\\/easy2explain.com\\\/es\\\/#\\\/schema\\\/logo\\\/image\\\/\",\"url\":\"https:\\\/\\\/easy2explain.com\\\/wp-content\\\/uploads\\\/2022\\\/01\\\/Logo-01-e1641287752148.png\",\"contentUrl\":\"https:\\\/\\\/easy2explain.com\\\/wp-content\\\/uploads\\\/2022\\\/01\\\/Logo-01-e1641287752148.png\",\"width\":10667,\"height\":3159,\"caption\":\"Easy2Explain.com\"},\"image\":{\"@id\":\"https:\\\/\\\/easy2explain.com\\\/es\\\/#\\\/schema\\\/logo\\\/image\\\/\"}},{\"@type\":\"Person\",\"@id\":\"https:\\\/\\\/easy2explain.com\\\/es\\\/#\\\/schema\\\/person\\\/711c89e35796d6a99f804723be9f3e6f\",\"name\":\"Easy2Explain Content Team\",\"image\":{\"@type\":\"ImageObject\",\"inLanguage\":\"es\",\"@id\":\"https:\\\/\\\/secure.gravatar.com\\\/avatar\\\/9a7915b550e4fa6a468048e86b61f58819933615bbc4be9b9b0fad7d79fc8c40?s=96&d=mm&r=g\",\"url\":\"https:\\\/\\\/secure.gravatar.com\\\/avatar\\\/9a7915b550e4fa6a468048e86b61f58819933615bbc4be9b9b0fad7d79fc8c40?s=96&d=mm&r=g\",\"contentUrl\":\"https:\\\/\\\/secure.gravatar.com\\\/avatar\\\/9a7915b550e4fa6a468048e86b61f58819933615bbc4be9b9b0fad7d79fc8c40?s=96&d=mm&r=g\",\"caption\":\"Easy2Explain Content Team\"},\"sameAs\":[\"https:\\\/\\\/easy2explain.com\"]}]}<\/script>\n<!-- \/ Yoast SEO plugin. -->","yoast_head_json":{"title":"Impresi\u00f3n - easy2explain.com","robots":{"index":"noindex","follow":"nofollow"},"og_locale":"es_ES","og_type":"article","og_title":"Impresi\u00f3n - easy2explain.com","og_description":"Impresi\u00f3n Informaci\u00f3n seg\u00fan \u00a7 5 TMG: ADULT UNIVERSE LTD.Rua 31 de Janeiro, N. 12 e \u2013 6 Andar,Porta X 9050-011 Funchal Contacto: Correo electr\u00f3nico: hello@easy2explain.comTel\u00e9fono: ... Leer m\u00e1s","og_url":"https:\/\/easy2explain.com\/es\/imprint\/","og_site_name":"easy2explain.com","article_modified_time":"2025-04-10T12:00:33+00:00","twitter_card":"summary_large_image","twitter_misc":{"Tiempo de lectura":"2 minutos"},"schema":{"@context":"https:\/\/schema.org","@graph":[{"@type":"Article","@id":"https:\/\/easy2explain.com\/es\/imprint\/#article","isPartOf":{"@id":"https:\/\/easy2explain.com\/es\/imprint\/"},"author":{"name":"Easy2Explain Content Team","@id":"https:\/\/easy2explain.com\/es\/#\/schema\/person\/711c89e35796d6a99f804723be9f3e6f"},"headline":"Impresi\u00f3n","datePublished":"2021-12-23T07:59:20+00:00","dateModified":"2025-04-10T12:00:33+00:00","mainEntityOfPage":{"@id":"https:\/\/easy2explain.com\/es\/imprint\/"},"wordCount":75,"publisher":{"@id":"https:\/\/easy2explain.com\/es\/#organization"},"inLanguage":"es"},{"@type":"WebPage","@id":"https:\/\/easy2explain.com\/es\/imprint\/","url":"https:\/\/easy2explain.com\/es\/imprint\/","name":"Impresi\u00f3n - easy2explain.com","isPartOf":{"@id":"https:\/\/easy2explain.com\/es\/#website"},"datePublished":"2021-12-23T07:59:20+00:00","dateModified":"2025-04-10T12:00:33+00:00","breadcrumb":{"@id":"https:\/\/easy2explain.com\/es\/imprint\/#breadcrumb"},"inLanguage":"es","potentialAction":[{"@type":"ReadAction","target":["https:\/\/easy2explain.com\/es\/imprint\/"]}]},{"@type":"BreadcrumbList","@id":"https:\/\/easy2explain.com\/es\/imprint\/#breadcrumb","itemListElement":[{"@type":"ListItem","position":1,"name":"Home","item":"https:\/\/easy2explain.com\/es\/"},{"@type":"ListItem","position":2,"name":"Impresi\u00f3n"}]},{"@type":"WebSite","@id":"https:\/\/easy2explain.com\/es\/#website","url":"https:\/\/easy2explain.com\/es\/","name":"easy2explain.com","description":"We explain everything!","publisher":{"@id":"https:\/\/easy2explain.com\/es\/#organization"},"potentialAction":[{"@type":"SearchAction","target":{"@type":"EntryPoint","urlTemplate":"https:\/\/easy2explain.com\/es\/?s={search_term_string}"},"query-input":{"@type":"PropertyValueSpecification","valueRequired":true,"valueName":"search_term_string"}}],"inLanguage":"es"},{"@type":"Organization","@id":"https:\/\/easy2explain.com\/es\/#organization","name":"Easy2Explain.com","url":"https:\/\/easy2explain.com\/es\/","logo":{"@type":"ImageObject","inLanguage":"es","@id":"https:\/\/easy2explain.com\/es\/#\/schema\/logo\/image\/","url":"https:\/\/easy2explain.com\/wp-content\/uploads\/2022\/01\/Logo-01-e1641287752148.png","contentUrl":"https:\/\/easy2explain.com\/wp-content\/uploads\/2022\/01\/Logo-01-e1641287752148.png","width":10667,"height":3159,"caption":"Easy2Explain.com"},"image":{"@id":"https:\/\/easy2explain.com\/es\/#\/schema\/logo\/image\/"}},{"@type":"Person","@id":"https:\/\/easy2explain.com\/es\/#\/schema\/person\/711c89e35796d6a99f804723be9f3e6f","name":"Easy2Explain Content Team","image":{"@type":"ImageObject","inLanguage":"es","@id":"https:\/\/secure.gravatar.com\/avatar\/9a7915b550e4fa6a468048e86b61f58819933615bbc4be9b9b0fad7d79fc8c40?s=96&d=mm&r=g","url":"https:\/\/secure.gravatar.com\/avatar\/9a7915b550e4fa6a468048e86b61f58819933615bbc4be9b9b0fad7d79fc8c40?s=96&d=mm&r=g","contentUrl":"https:\/\/secure.gravatar.com\/avatar\/9a7915b550e4fa6a468048e86b61f58819933615bbc4be9b9b0fad7d79fc8c40?s=96&d=mm&r=g","caption":"Easy2Explain Content Team"},"sameAs":["https:\/\/easy2explain.com"]}]}},"_links":{"self":[{"href":"https:\/\/easy2explain.com\/es\/wp-json\/wp\/v2\/pages\/997","targetHints":{"allow":["GET"]}}],"collection":[{"href":"https:\/\/easy2explain.com\/es\/wp-json\/wp\/v2\/pages"}],"about":[{"href":"https:\/\/easy2explain.com\/es\/wp-json\/wp\/v2\/types\/page"}],"author":[{"embeddable":true,"href":"https:\/\/easy2explain.com\/es\/wp-json\/wp\/v2\/users\/1"}],"replies":[{"embeddable":true,"href":"https:\/\/easy2explain.com\/es\/wp-json\/wp\/v2\/comments?post=997"}],"version-history":[{"count":9,"href":"https:\/\/easy2explain.com\/es\/wp-json\/wp\/v2\/pages\/997\/revisions"}],"predecessor-version":[{"id":6271,"href":"https:\/\/easy2explain.com\/es\/wp-json\/wp\/v2\/pages\/997\/revisions\/6271"}],"wp:attachment":[{"href":"https:\/\/easy2explain.com\/es\/wp-json\/wp\/v2\/media?parent=997"}],"curies":[{"name":"wp","href":"https:\/\/api.w.org\/{rel}","templated":true}]}}